{"id":237574,"date":"2019-11-28T16:32:06","date_gmt":"2019-11-28T15:32:06","guid":{"rendered":"https:\/\/www.habilnet.org\/nutzungsbedingungen\/"},"modified":"2021-08-04T13:43:00","modified_gmt":"2021-08-04T12:43:00","slug":"nutzungsbedingungen","status":"publish","type":"page","link":"https:\/\/www.habilnet.org\/de\/nutzungsbedingungen\/","title":{"rendered":"Nutzungsbedingungen"},"content":{"rendered":"<p>[et_pb_section fb_built=\"1\" admin_label=\"content\" module_id=\"content\" module_class=\"terms-of-service\" _builder_version=\"4.4.0\" custom_padding=\"||||false|false\" top_divider_style=\"wave2\" top_divider_color=\"#bed02f\" top_divider_height=\"8vw\" top_divider_repeat=\"0.7x\" top_divider_height_tablet=\"\" top_divider_height_phone=\"\" top_divider_height_last_edited=\"on|tablet\" bottom_divider_style=\"wave2\" bottom_divider_color=\"#183556\" bottom_divider_height=\"10vw\" bottom_divider_repeat=\"0.65x\" bottom_divider_height_tablet=\"10vw\" bottom_divider_height_phone=\"20vw\" bottom_divider_height_last_edited=\"on|desktop\" locked=\"off\" collapsed=\"off\"][et_pb_row disabled_on=\"off|off|off\" admin_label=\"title\" module_class=\"page-title\" _builder_version=\"4.0.9\" custom_padding=\"0px||||false|false\" collapsed=\"off\"][et_pb_column type=\"4_4\" _builder_version=\"4.0.9\" custom_padding=\"|||\" custom_padding__hover=\"|||\"][et_pb_text disabled_on=\"off|off|off\" admin_label=\"Terms Of Service\" _builder_version=\"4.0.11\" header_font=\"||||||||\" header_text_color=\"#183556\" width=\"93.1%\" custom_padding=\"0px|||||\" header_font_size_tablet=\"\" header_font_size_phone=\"\" header_font_size_last_edited=\"on|phone\" header_text_shadow_style=\"preset3\" header_text_shadow_blur_strength=\"0.03em\" header_text_shadow_color=\"#183556\"]<\/p>\n<h1>Nutzungsbedingungen<\/h1>\n<p>[\/et_pb_text][\/et_pb_column][\/et_pb_row][et_pb_row column_structure=\"3_4,1_4\" _builder_version=\"4.4.1\"][et_pb_column type=\"3_4\" _builder_version=\"4.0.11\" custom_padding=\"||||false|false\" custom_padding_tablet=\"||25px||false|false\" custom_padding_phone=\"||0px||false|false\" custom_padding_last_edited=\"on|desktop\"][et_pb_text content_last_edited=\"off|desktop\" disabled_on=\"off|off|off\" _builder_version=\"4.3.2\" hover_enabled=\"0\"]<\/p>\n<p>Diese Webseite soll die besten verf\u00fcgbaren wissenschaftlichen Forschungsergebnisse zum Thema harmonische Mehrsprachigkeit widerspiegeln. Allgemeine Ratschl\u00e4ge, die der \u00d6ffentlichkeit \u00fcber die Webseite gegeben werden, basieren auf den Implikationen dieser Forschung und werden von bekannten Wissenschaftlern und erfahrenen Praktikern \u00fcberpr\u00fcft. Die Beratung ist kostenlos. Die <a class=\"translate_1\" href=\"https:\/\/www.un.org\/en\/about-us\/universal-declaration-of-human-rights\" target=\"_blank\" rel=\"noopener noreferrer\">Menschenrechtserkl\u00e4rung der Vereinten Nationen<\/a> von 1948 und die <a class=\"translate_2\" href=\"https:\/\/www.unicef.org\/child-rights-convention\/convention-text\" target=\"_blank\" rel=\"noopener noreferrer\">Kinderrechtskonvention der Vereinten Nationen<\/a> von 1989 bilden den moralischen Hintergrund f\u00fcr die Arbeit von HaBilNet.<\/p>\n<p>Im allgemeinen Personenbezug versucht HaBilNet, m\u00f6glichst geschlechtsneutrale Begriffe zu verwenden. Dort, wo dies textuell oder grammatisch schwierig ist, soll jeder geschlechtsspezifische Verweis f\u00fcr alle Geschlechter gelten.<\/p>\n<p>Die Verwendung von Begriffen, die sowohl die Sprache als auch die Staatsb\u00fcrgerschaft bezeichnen k\u00f6nnen (z. B. Spanisch), ist, sofern nicht anders angegeben, als Bezeichnung f\u00fcr Sprachen zu verstehen.<\/p>\n<p>Der Begriff \u201eFamilie\", wie er auf der HaBilNet-Webseite verwendet wird, gilt f\u00fcr jeden privaten Haushalt, der aus mindestens einer rechtm\u00e4\u00dfig erwachsenen Person und einer anderen Person besteht.<\/p>\n<p>[\/et_pb_text][\/et_pb_column][et_pb_column type=\"1_4\" _builder_version=\"4.0.6\"][et_pb_text admin_label=\"box\" module_class=\"box\" _builder_version=\"4.4.1\" custom_margin=\"||||false|false\" custom_margin_tablet=\"||||false|false\" custom_margin_phone=\"\" custom_margin_last_edited=\"on|desktop\" locked=\"off\"]<\/p>\n<hr class=\"up\">\n<p>Bitte benutzen Sie das <a href=\"https:\/\/www.habilnet.org\/de\/kontaktieren-sie-uns\/\">Kontaktformular<\/a> f\u00fcr alle Anfragen bez\u00fcglich dieses Dokuments.<\/p>\n<hr class=\"down\">\n<p class=\"version-info\">27-NOV-2019<\/p>\n<p class=\"gdpr_button\">\n<div class=\"ct-ultimate-gdpr-container container\">\n\t\n        <button id=\"ct-ultimate-gdpr-terms-accept\" class=\"ct-ultimate-gdpr-button  \"\n\t\t\t>\n\t\t\tAkzeptieren        <\/button>\n\n\t<\/div><\/p>\n<p>[\/et_pb_text][\/et_pb_column][\/et_pb_row][et_pb_row disabled_on=\"off|off|off\" admin_label=\"10-12vw spacer\" module_id=\"12vw-spacer\" _builder_version=\"4.4.1\" width=\"100%\" max_width=\"100%\" height=\"12vw\" height_tablet=\"11vw\" height_last_edited=\"on|desktop\" custom_css_main_element=\"z-index: 10;\" global_module=\"238999\" locked=\"off\" collapsed=\"on\"][et_pb_column type=\"4_4\" _builder_version=\"4.4.0\"][\/et_pb_column][\/et_pb_row][\/et_pb_section][et_pb_section fb_built=\"1\" custom_padding_last_edited=\"off|desktop\" disabled_on=\"off|off|off\" admin_label=\"footer\" module_id=\"footer\" _builder_version=\"4.4.2\" background_color=\"#183556\" custom_padding=\"0px||0px||false|false\" global_module=\"238932\" saved_tabs=\"all\" collapsed=\"on\"][et_pb_row column_structure=\"1_2,1_6,1_6,1_6\" use_custom_gutter=\"on\" gutter_width=\"1\" custom_padding_last_edited=\"off|phone\" admin_label=\"menus\" module_id=\"row-1\" _builder_version=\"4.4.2\" width_tablet=\"80%\" width_phone=\"auto\" width_last_edited=\"off|phone\" custom_margin_tablet=\"\" custom_margin_phone=\"\" custom_margin_last_edited=\"on|desktop\" custom_padding=\"0px||40px||false|false\" module_alignment_tablet=\"\" module_alignment_phone=\"\" module_alignment_last_edited=\"on|desktop\"][et_pb_column type=\"1_2\" _builder_version=\"4.4.2\" custom_padding=\"|||\" custom_padding__hover=\"|||\"][et_pb_text admin_label=\"logo &#038; links\" _builder_version=\"4.4.2\" text_font=\"Roboto Condensed|||on|||||\" text_text_color=\"#dedede\" text_font_size=\"13px\" text_line_height=\"1.1em\" header_font=\"||||||||\" background_layout=\"dark\" text_font_size_tablet=\"\" text_font_size_phone=\"14px\" text_font_size_last_edited=\"on|phone\" text_text_align_phone=\"center\" text_text_align_last_edited=\"on|phone\"]<\/p>\n<div><a href=\"https:\/\/www.habilnet.org\/\"><img decoding=\"async\" class=\"wp-image-33 size-medium\" src=\"https:\/\/www.habilnet.org\/wp-content\/uploads\/2020\/03\/habilnet-logo-footer.svg\" alt=\"\" width=\"128\" height=\"44\"><\/a><\/div>\n<p id=\"footer-onderschrift\">Das Netzwerk f\u00fcr Harmonische Mehrsprachigkeit<\/p>\n<p class=\"footer-menu\"><a href=\"https:\/\/www.habilnet.org\/de\/was-ist-habilnet\/\">Was ist HaBilNet?<\/a><\/p>\n<p id=\"footer-partners\"><a href=\"https:\/\/www.habilnet.org\/de\/mitglieder\/?accordion=1&amp;item=5\">Hier finden Sie unsere Partner<\/a><\/p>\n<p>[\/et_pb_text][\/et_pb_column][et_pb_column type=\"1_6\" _builder_version=\"4.4.2\" custom_padding=\"|||\" custom_padding__hover=\"|||\"][et_pb_text disabled_on=\"on|off|off\" admin_label=\"social media\" _builder_version=\"4.4.2\" text_font=\"Roboto Condensed|||on|||||\" text_text_color=\"#dedede\" text_font_size=\"13px\" text_line_height=\"1.1em\" header_font=\"||||||||\" background_layout=\"dark\" text_font_size_tablet=\"\" text_font_size_phone=\"14px\" text_font_size_last_edited=\"on|phone\" locked=\"off\" text_text_align_phone=\"center\" text_text_align_last_edited=\"on|phone\"]<\/p>\n<p class=\"footer-titel\">Social Media<\/p>\n<p class=\"footer-menu\"><a href=\"https:\/\/www.facebook.com\/HaBilNet.org\/\" target=\"_blank\" rel=\"noopener noreferrer\">Facebook<\/a><\/p>\n<p class=\"footer-menu\"><a href=\"https:\/\/twitter.com\/HaBilNet\/\" target=\"_blank\" rel=\"noopener noreferrer\">Twitter<\/a><\/p>\n<p class=\"footer-menu\"><a href=\"https:\/\/www.youtube.com\/habilnet\" target=\"_blank\" rel=\"noopener noreferrer\">Youtube<\/a><\/p>\n<p>[\/et_pb_text][\/et_pb_column][et_pb_column type=\"1_6\" _builder_version=\"4.4.2\" custom_padding=\"|||\" custom_padding__hover=\"|||\"][et_pb_text content_last_edited=\"off|desktop\" disabled_on=\"off|off|off\" admin_label=\"more about us\" _builder_version=\"4.4.2\" text_font=\"Roboto Condensed|||on|||||\" text_text_color=\"#dedede\" text_font_size=\"13px\" text_line_height=\"1.1em\" header_font=\"||||||||\" background_layout=\"dark\" text_font_size_tablet=\"\" text_font_size_phone=\"14px\" text_font_size_last_edited=\"on|phone\" locked=\"off\" text_text_align_phone=\"center\" text_text_align_last_edited=\"on|phone\"]<\/p>\n<p class=\"footer-titel\">Mehr \u00fcber Uns<\/p>\n<p class=\"footer-menu\"><a href=\"https:\/\/www.habilnet.org\/de\/faq\/\">FAQ<\/a><\/p>\n<p class=\"footer-menu\"><a href=\"https:\/\/www.habilnet.org\/de\/nutzungsbedingungen\/\">Nutzungsbedingungen<\/a><\/p>\n<p class=\"footer-menu\"><a href=\"https:\/\/www.habilnet.org\/de\/datenschutz\/\">Datenschutz<\/a><\/p>\n<p>[\/et_pb_text][\/et_pb_column][et_pb_column type=\"1_6\" _builder_version=\"4.0.6\" custom_padding=\"|||\" custom_padding__hover=\"|||\"][et_pb_text content_last_edited=\"off|desktop\" admin_label=\"languages\" _builder_version=\"4.4.2\" text_font=\"Roboto Condensed|||on|||||\" text_text_color=\"#dedede\" text_font_size=\"13px\" text_line_height=\"1.1em\" header_font=\"||||||||\" background_layout=\"dark\" text_font_size_tablet=\"\" text_font_size_phone=\"14px\" text_font_size_last_edited=\"on|phone\" locked=\"off\" text_text_align_phone=\"center\" text_text_align_last_edited=\"on|phone\"]<\/p>\n<p class=\"footer-titel\">Andere Sprachen<\/p>\n<p>\n<div role=\"navigation\" aria-label=\"Sprachwechsler\" class=\"wpml-ls-statics-footer wpml-ls wpml-ls-legacy-list-vertical\">\n\t<ul>\n\n\t\t\t\t\t<li class=\"wpml-ls-slot-footer wpml-ls-item wpml-ls-item-en wpml-ls-first-item wpml-ls-item-legacy-list-vertical\">\n\t\t\t\t<a href=\"https:\/\/www.habilnet.org\/\" hreflang=\"en\" lang=\"en\" class=\"wpml-ls-link\" aria-label=\"Wechseln zu English\" title=\"Wechseln zu English\">\n\t\t\t\t\t                                    <img decoding=\"async\"\n            class=\"wpml-ls-flag\"\n            src=\"https:\/\/www.habilnet.org\/wp-content\/plugins\/sitepress-multilingual-cms\/res\/flags\/en.png\"\n            alt=\"\"\n            loading=\"lazy\"\n            width=18\n            height=12\n    \/><span class=\"wpml-ls-native\">English<\/span><\/a>\n\t\t\t<\/li>\n\t\t\t\t\t<li class=\"wpml-ls-slot-footer wpml-ls-item wpml-ls-item-nl wpml-ls-item-legacy-list-vertical\">\n\t\t\t\t<a href=\"https:\/\/www.habilnet.org\/nl\/\" hreflang=\"nl\" lang=\"nl\" class=\"wpml-ls-link\" aria-label=\"Wechseln zu Nederlands\" title=\"Wechseln zu Nederlands\">\n\t\t\t\t\t                                    <img decoding=\"async\"\n            class=\"wpml-ls-flag\"\n            src=\"https:\/\/www.habilnet.org\/wp-content\/plugins\/sitepress-multilingual-cms\/res\/flags\/nl.png\"\n            alt=\"\"\n            loading=\"lazy\"\n            width=18\n            height=12\n    \/><span class=\"wpml-ls-native\">Nederlands<\/span><\/a>\n\t\t\t<\/li>\n\t\t\t\t\t<li class=\"wpml-ls-slot-footer wpml-ls-item wpml-ls-item-fr wpml-ls-last-item wpml-ls-item-legacy-list-vertical\">\n\t\t\t\t<a href=\"https:\/\/www.habilnet.org\/fr\/\" hreflang=\"fr\" lang=\"fr\" class=\"wpml-ls-link\" aria-label=\"Wechseln zu Fran\u00e7ais\" title=\"Wechseln zu Fran\u00e7ais\">\n\t\t\t\t\t                                    <img decoding=\"async\"\n            class=\"wpml-ls-flag\"\n            src=\"https:\/\/www.habilnet.org\/wp-content\/plugins\/sitepress-multilingual-cms\/res\/flags\/fr.png\"\n            alt=\"\"\n            loading=\"lazy\"\n            width=18\n            height=12\n    \/><span class=\"wpml-ls-native\">Fran\u00e7ais<\/span><\/a>\n\t\t\t<\/li>\n\t\t\n\t<\/ul>\n<\/div>\n[\/et_pb_text][\/et_pb_column][\/et_pb_row][et_pb_row custom_padding_last_edited=\"on|desktop\" disabled_on=\"on|off|off\" admin_label=\"habilnet partners\" module_id=\"row-2\" _builder_version=\"4.4.2\" width=\"100%\" module_alignment=\"center\" custom_padding=\"0px||0px|||\" custom_padding_tablet=\"||50px||false|false\" custom_padding_phone=\"\" custom_css_main_element=\"transform: scale(.85);\" locked=\"off\"][et_pb_column type=\"4_4\" _builder_version=\"4.4.2\" custom_padding=\"|||\" custom_padding__hover=\"|||\"][et_pb_image src=\"https:\/\/www.habilnet.org\/wp-content\/uploads\/2020\/02\/habilnet-partners-logo.png\" url=\"https:\/\/www.habilnet.org\/de\/mitglieder\/?accordion=1&amp;item=5\" align=\"center\" admin_label=\"title\" _builder_version=\"4.4.2\" width=\"220px\" module_alignment=\"center\" custom_margin=\"||0px||false|false\" filter_opacity=\"33%\"][\/et_pb_image][et_pb_text admin_label=\"logos\" _builder_version=\"4.4.2\" text_orientation=\"right\" filter_opacity=\"50%\" mix_blend_mode=\"multiply\"]<\/p>\n<div class=\"partners\">\n<a href=\"https:\/\/www.habilnet.org\/de\/mitglieder\/?accordion=1&amp;item=5\"><img decoding=\"async\" style=\"width: 200px; margin-top: 10px;\" src=\"https:\/\/www.habilnet.org\/wp-content\/uploads\/2020\/02\/universite%CC%81-jean-jaure%CC%80s-bw-1.png\" alt=\"\"><\/a><br \/>\n<a href=\"https:\/\/www.habilnet.org\/de\/mitglieder\/?accordion=1&amp;item=5\"><img decoding=\"async\" style=\"width: 91px;\" src=\"https:\/\/www.habilnet.org\/wp-content\/uploads\/2020\/02\/The-Initiative-for-Multilingual-Studies-bw.png\" alt=\"\"><\/a><br \/>\n<a href=\"https:\/\/www.habilnet.org\/de\/mitglieder\/?accordion=1&amp;item=5\"><img decoding=\"async\" style=\"width: 200px; margin-top: 10px;\" src=\"https:\/\/www.habilnet.org\/wp-content\/uploads\/2020\/02\/foyer-logo-bw.png\" alt=\"\"><\/a>\n<\/div>\n<p>[\/et_pb_text][\/et_pb_column][\/et_pb_row][et_pb_row custom_padding_last_edited=\"on|tablet\" disabled_on=\"off|on|on\" admin_label=\"social media\" module_id=\"row-3\" _builder_version=\"4.4.2\" custom_margin=\"||50px||false|false\" custom_margin_tablet=\"||50px||false|false\" custom_margin_last_edited=\"off|desktop\" custom_padding=\"0px||0px|||\" custom_padding_tablet=\"\" custom_padding_phone=\"\" custom_css_main_element=\"text-align:center;\" locked=\"off\"][et_pb_column type=\"4_4\" _builder_version=\"3.25\" custom_padding=\"|||\" custom_padding__hover=\"|||\"][et_pb_social_media_follow use_icon_font_size=\"on\" _builder_version=\"4.4.2\" custom_padding=\"||||false|false\" custom_padding_tablet=\"||50px||false|false\" custom_padding_last_edited=\"off|phone\" border_radii=\"on|16px|16px|16px|16px\"][et_pb_social_media_follow_network social_network=\"facebook\" url=\"https:\/\/www.facebook.com\/habilnet.org\/\" _builder_version=\"4.4.2\" background_color=\"#3b5998\"]facebook[\/et_pb_social_media_follow_network][et_pb_social_media_follow_network social_network=\"twitter\" url=\"https:\/\/twitter.com\/habilnet\/\" _builder_version=\"4.4.2\" background_color=\"#00aced\"]twitter[\/et_pb_social_media_follow_network][et_pb_social_media_follow_network social_network=\"youtube\" url=\"https:\/\/www.youtube.com\/habilnet\" _builder_version=\"4.4.2\" background_color=\"#a82400\"]youtube[\/et_pb_social_media_follow_network][\/et_pb_social_media_follow][\/et_pb_column][\/et_pb_row][\/et_pb_section]<\/p>\n","protected":false},"excerpt":{"rendered":"<p>HaBilNet f\u00f6rdert und forscht zur harmonischen mehrsprachigen Entwicklung. HaBilNet hilft Familien, die Mehrsprachigkeit auf harmonische Weise zu entwickeln.<\/p>\n","protected":false},"author":2,"featured_media":235894,"parent":0,"menu_order":0,"comment_status":"closed","ping_status":"closed","template":"","meta":{"_et_pb_use_builder":"on","_et_pb_old_content":"","_et_gb_content_width":"","_relevanssi_hide_post":"","_relevanssi_hide_content":"","_relevanssi_pin_for_all":"","_relevanssi_pin_keywords":"","_relevanssi_unpin_keywords":"","_relevanssi_related_keywords":"","_relevanssi_related_include_ids":"","_relevanssi_related_exclude_ids":"","_relevanssi_related_no_append":"","_relevanssi_related_not_related":"","_relevanssi_related_posts":"","_relevanssi_noindex_reason":"","inline_featured_image":false,"_exactmetrics_skip_tracking":false,"_exactmetrics_sitenote_active":false,"_exactmetrics_sitenote_note":"","_exactmetrics_sitenote_category":0,"footnotes":""},"categories":[],"tags":[],"class_list":["post-237574","page","type-page","status-publish","has-post-thumbnail","hentry"],"yoast_head":"<!-- This site is optimized with the Yoast SEO plugin v24.9 - https:\/\/yoast.com\/wordpress\/plugins\/seo\/ -->\n<title>Nutzungsbedingungen &#8211; HaBilNet, Das Netzwerk f\u00fcr Harmonische Mehrsprachigkeit<\/title>\n<meta name=\"description\" content=\"HaBilNet f\u00f6rdert und forscht zur harmonischen mehrsprachigen Entwicklung. HaBilNet hilft Familien, die Mehrsprachigkeit auf harmonische Weise zu entwickeln.\" \/>\n<meta name=\"robots\" content=\"index, follow, max-snippet:-1, max-image-preview:large, max-video-preview:-1\" \/>\n<link rel=\"canonical\" href=\"https:\/\/www.habilnet.org\/de\/nutzungsbedingungen\/\" \/>\n<meta property=\"og:locale\" content=\"de_DE\" \/>\n<meta property=\"og:type\" content=\"article\" \/>\n<meta property=\"og:title\" content=\"Nutzungsbedingungen &#8211; HaBilNet, Das Netzwerk f\u00fcr Harmonische Mehrsprachigkeit\" \/>\n<meta property=\"og:description\" content=\"HaBilNet f\u00f6rdert und forscht zur harmonischen mehrsprachigen Entwicklung. HaBilNet hilft Familien, die Mehrsprachigkeit auf harmonische Weise zu entwickeln.\" \/>\n<meta property=\"og:url\" content=\"https:\/\/www.habilnet.org\/de\/nutzungsbedingungen\/\" \/>\n<meta property=\"og:site_name\" content=\"HaBilNet\" \/>\n<meta property=\"article:publisher\" content=\"https:\/\/www.facebook.com\/HaBilNet.org\/\" \/>\n<meta property=\"article:modified_time\" content=\"2021-08-04T12:43:00+00:00\" \/>\n<meta property=\"og:image\" content=\"https:\/\/www.habilnet.org\/wp-content\/uploads\/2020\/02\/HaBilNet-DE-1200x628-1.jpg\" \/>\n\t<meta property=\"og:image:width\" content=\"1200\" \/>\n\t<meta property=\"og:image:height\" content=\"628\" \/>\n\t<meta property=\"og:image:type\" content=\"image\/jpeg\" \/>\n<meta name=\"twitter:card\" content=\"summary_large_image\" \/>\n<script type=\"application\/ld+json\" class=\"yoast-schema-graph\">{\"@context\":\"https:\/\/schema.org\",\"@graph\":[{\"@type\":\"WebPage\",\"@id\":\"https:\/\/www.habilnet.org\/de\/nutzungsbedingungen\/\",\"url\":\"https:\/\/www.habilnet.org\/de\/nutzungsbedingungen\/\",\"name\":\"Nutzungsbedingungen &#8211; HaBilNet, Das Netzwerk f\u00fcr Harmonische Mehrsprachigkeit\",\"isPartOf\":{\"@id\":\"https:\/\/www.habilnet.org\/de\/#website\"},\"primaryImageOfPage\":{\"@id\":\"https:\/\/www.habilnet.org\/de\/nutzungsbedingungen\/#primaryimage\"},\"image\":{\"@id\":\"https:\/\/www.habilnet.org\/de\/nutzungsbedingungen\/#primaryimage\"},\"thumbnailUrl\":\"https:\/\/www.habilnet.org\/wp-content\/uploads\/2020\/02\/HaBilNet-DE-1200x628-1.jpg\",\"datePublished\":\"2019-11-28T15:32:06+00:00\",\"dateModified\":\"2021-08-04T12:43:00+00:00\",\"description\":\"HaBilNet f\u00f6rdert und forscht zur harmonischen mehrsprachigen Entwicklung. HaBilNet hilft Familien, die Mehrsprachigkeit auf harmonische Weise zu entwickeln.\",\"inLanguage\":\"de\",\"potentialAction\":[{\"@type\":\"ReadAction\",\"target\":[\"https:\/\/www.habilnet.org\/de\/nutzungsbedingungen\/\"]}]},{\"@type\":\"ImageObject\",\"inLanguage\":\"de\",\"@id\":\"https:\/\/www.habilnet.org\/de\/nutzungsbedingungen\/#primaryimage\",\"url\":\"https:\/\/www.habilnet.org\/wp-content\/uploads\/2020\/02\/HaBilNet-DE-1200x628-1.jpg\",\"contentUrl\":\"https:\/\/www.habilnet.org\/wp-content\/uploads\/2020\/02\/HaBilNet-DE-1200x628-1.jpg\",\"width\":1200,\"height\":628,\"caption\":\"HaBilNet f\u00f6rdert und forscht zur harmonischen mehrsprachigen Entwicklung. HaBilNet hilft Familien, die Mehrsprachigkeit auf harmonische Weise zu entwickeln.\"},{\"@type\":\"WebSite\",\"@id\":\"https:\/\/www.habilnet.org\/de\/#website\",\"url\":\"https:\/\/www.habilnet.org\/de\/\",\"name\":\"HaBilNet\",\"description\":\"The Harmonious Bilingualism Network\",\"publisher\":{\"@id\":\"https:\/\/www.habilnet.org\/de\/#organization\"},\"potentialAction\":[{\"@type\":\"SearchAction\",\"target\":{\"@type\":\"EntryPoint\",\"urlTemplate\":\"https:\/\/www.habilnet.org\/de\/?s={search_term_string}\"},\"query-input\":{\"@type\":\"PropertyValueSpecification\",\"valueRequired\":true,\"valueName\":\"search_term_string\"}}],\"inLanguage\":\"de\"},{\"@type\":\"Organization\",\"@id\":\"https:\/\/www.habilnet.org\/de\/#organization\",\"name\":\"Das Netzwerk f\u00fcr Harmonische Mehrsprachigkeit\",\"url\":\"https:\/\/www.habilnet.org\/de\/\",\"logo\":{\"@type\":\"ImageObject\",\"inLanguage\":\"de\",\"@id\":\"https:\/\/www.habilnet.org\/de\/#\/schema\/logo\/image\/\",\"url\":\"https:\/\/www.habilnet.org\/wp-content\/uploads\/2019\/05\/habilnet-logo-aangepast-grafisme.svg\",\"contentUrl\":\"https:\/\/www.habilnet.org\/wp-content\/uploads\/2019\/05\/habilnet-logo-aangepast-grafisme.svg\",\"width\":750,\"height\":200,\"caption\":\"Das Netzwerk f\u00fcr Harmonische Mehrsprachigkeit\"},\"image\":{\"@id\":\"https:\/\/www.habilnet.org\/de\/#\/schema\/logo\/image\/\"},\"sameAs\":[\"https:\/\/www.facebook.com\/HaBilNet.org\/\",\"https:\/\/www.youtube.com\/channel\/UCptKTyAf0TZVWbJjRCZZAVg\/videos\"]}]}<\/script>\n<!-- \/ Yoast SEO plugin. -->","yoast_head_json":{"title":"Nutzungsbedingungen &#8211; HaBilNet, Das Netzwerk f\u00fcr Harmonische Mehrsprachigkeit","description":"HaBilNet f\u00f6rdert und forscht zur harmonischen mehrsprachigen Entwicklung. HaBilNet hilft Familien, die Mehrsprachigkeit auf harmonische Weise zu entwickeln.","robots":{"index":"index","follow":"follow","max-snippet":"max-snippet:-1","max-image-preview":"max-image-preview:large","max-video-preview":"max-video-preview:-1"},"canonical":"https:\/\/www.habilnet.org\/de\/nutzungsbedingungen\/","og_locale":"de_DE","og_type":"article","og_title":"Nutzungsbedingungen &#8211; HaBilNet, Das Netzwerk f\u00fcr Harmonische Mehrsprachigkeit","og_description":"HaBilNet f\u00f6rdert und forscht zur harmonischen mehrsprachigen Entwicklung. HaBilNet hilft Familien, die Mehrsprachigkeit auf harmonische Weise zu entwickeln.","og_url":"https:\/\/www.habilnet.org\/de\/nutzungsbedingungen\/","og_site_name":"HaBilNet","article_publisher":"https:\/\/www.facebook.com\/HaBilNet.org\/","article_modified_time":"2021-08-04T12:43:00+00:00","og_image":[{"width":1200,"height":628,"url":"https:\/\/www.habilnet.org\/wp-content\/uploads\/2020\/02\/HaBilNet-DE-1200x628-1.jpg","type":"image\/jpeg"}],"twitter_card":"summary_large_image","schema":{"@context":"https:\/\/schema.org","@graph":[{"@type":"WebPage","@id":"https:\/\/www.habilnet.org\/de\/nutzungsbedingungen\/","url":"https:\/\/www.habilnet.org\/de\/nutzungsbedingungen\/","name":"Nutzungsbedingungen &#8211; HaBilNet, Das Netzwerk f\u00fcr Harmonische Mehrsprachigkeit","isPartOf":{"@id":"https:\/\/www.habilnet.org\/de\/#website"},"primaryImageOfPage":{"@id":"https:\/\/www.habilnet.org\/de\/nutzungsbedingungen\/#primaryimage"},"image":{"@id":"https:\/\/www.habilnet.org\/de\/nutzungsbedingungen\/#primaryimage"},"thumbnailUrl":"https:\/\/www.habilnet.org\/wp-content\/uploads\/2020\/02\/HaBilNet-DE-1200x628-1.jpg","datePublished":"2019-11-28T15:32:06+00:00","dateModified":"2021-08-04T12:43:00+00:00","description":"HaBilNet f\u00f6rdert und forscht zur harmonischen mehrsprachigen Entwicklung. HaBilNet hilft Familien, die Mehrsprachigkeit auf harmonische Weise zu entwickeln.","inLanguage":"de","potentialAction":[{"@type":"ReadAction","target":["https:\/\/www.habilnet.org\/de\/nutzungsbedingungen\/"]}]},{"@type":"ImageObject","inLanguage":"de","@id":"https:\/\/www.habilnet.org\/de\/nutzungsbedingungen\/#primaryimage","url":"https:\/\/www.habilnet.org\/wp-content\/uploads\/2020\/02\/HaBilNet-DE-1200x628-1.jpg","contentUrl":"https:\/\/www.habilnet.org\/wp-content\/uploads\/2020\/02\/HaBilNet-DE-1200x628-1.jpg","width":1200,"height":628,"caption":"HaBilNet f\u00f6rdert und forscht zur harmonischen mehrsprachigen Entwicklung. HaBilNet hilft Familien, die Mehrsprachigkeit auf harmonische Weise zu entwickeln."},{"@type":"WebSite","@id":"https:\/\/www.habilnet.org\/de\/#website","url":"https:\/\/www.habilnet.org\/de\/","name":"HaBilNet","description":"The Harmonious Bilingualism Network","publisher":{"@id":"https:\/\/www.habilnet.org\/de\/#organization"},"potentialAction":[{"@type":"SearchAction","target":{"@type":"EntryPoint","urlTemplate":"https:\/\/www.habilnet.org\/de\/?s={search_term_string}"},"query-input":{"@type":"PropertyValueSpecification","valueRequired":true,"valueName":"search_term_string"}}],"inLanguage":"de"},{"@type":"Organization","@id":"https:\/\/www.habilnet.org\/de\/#organization","name":"Das Netzwerk f\u00fcr Harmonische Mehrsprachigkeit","url":"https:\/\/www.habilnet.org\/de\/","logo":{"@type":"ImageObject","inLanguage":"de","@id":"https:\/\/www.habilnet.org\/de\/#\/schema\/logo\/image\/","url":"https:\/\/www.habilnet.org\/wp-content\/uploads\/2019\/05\/habilnet-logo-aangepast-grafisme.svg","contentUrl":"https:\/\/www.habilnet.org\/wp-content\/uploads\/2019\/05\/habilnet-logo-aangepast-grafisme.svg","width":750,"height":200,"caption":"Das Netzwerk f\u00fcr Harmonische Mehrsprachigkeit"},"image":{"@id":"https:\/\/www.habilnet.org\/de\/#\/schema\/logo\/image\/"},"sameAs":["https:\/\/www.facebook.com\/HaBilNet.org\/","https:\/\/www.youtube.com\/channel\/UCptKTyAf0TZVWbJjRCZZAVg\/videos"]}]}},"_links":{"self":[{"href":"https:\/\/www.habilnet.org\/de\/wp-json\/wp\/v2\/pages\/237574","targetHints":{"allow":["GET"]}}],"collection":[{"href":"https:\/\/www.habilnet.org\/de\/wp-json\/wp\/v2\/pages"}],"about":[{"href":"https:\/\/www.habilnet.org\/de\/wp-json\/wp\/v2\/types\/page"}],"author":[{"embeddable":true,"href":"https:\/\/www.habilnet.org\/de\/wp-json\/wp\/v2\/users\/2"}],"replies":[{"embeddable":true,"href":"https:\/\/www.habilnet.org\/de\/wp-json\/wp\/v2\/comments?post=237574"}],"version-history":[{"count":0,"href":"https:\/\/www.habilnet.org\/de\/wp-json\/wp\/v2\/pages\/237574\/revisions"}],"wp:featuredmedia":[{"embeddable":true,"href":"https:\/\/www.habilnet.org\/de\/wp-json\/wp\/v2\/media\/235894"}],"wp:attachment":[{"href":"https:\/\/www.habilnet.org\/de\/wp-json\/wp\/v2\/media?parent=237574"}],"wp:term":[{"taxonomy":"category","embeddable":true,"href":"https:\/\/www.habilnet.org\/de\/wp-json\/wp\/v2\/categories?post=237574"},{"taxonomy":"post_tag","embeddable":true,"href":"https:\/\/www.habilnet.org\/de\/wp-json\/wp\/v2\/tags?post=237574"}],"curies":[{"name":"wp","href":"https:\/\/api.w.org\/{rel}","templated":true}]}}